{"id":115,"date":"2014-03-17T07:35:31","date_gmt":"2014-03-17T07:35:31","guid":{"rendered":"http:\/\/technicalmuseum.lt\/?page_id=115"},"modified":"2020-10-13T08:13:56","modified_gmt":"2020-10-13T08:13:56","slug":"veikla2","status":"publish","type":"page","link":"https:\/\/technicalmuseum.lt\/cz\/veikla2\/","title":{"rendered":"\u010cinnost"},"content":{"rendered":"<p>Muzeum nab\u00edz\u00ed spoustu mo\u017enosti vy\u017eit\u00ed, je zde \u0161irok\u00e1 \u0161k\u00e1la za\u0159\u00edzen\u00ed spojen\u00e1 s rodov\u00fdm \u0159emeslem, tradicemi a zvyky.<br \/>\nExpozice p\u0159\u00edjemn\u011b p\u0159ekvap\u00ed svou rozmanitost\u00ed.<br \/>\nDomn\u00edv\u00e1me se, \u017ee ka\u017ed\u00fd zde najde n\u011bco co jej zaujme a oslov\u00ed, uveden\u00fd fakt jej pak n\u00e1sledn\u011b stimuluje k z\u00e1jmu o dal\u0161\u00ed.<br \/>\nN\u00e1v\u0161t\u011bvou muzea a proch\u00e1zkou mezi expon\u00e1ty doch\u00e1z\u00ed automaticky k sebevzd\u011bl\u00e1v\u00e1n\u00ed se a p\u0159ipomenut\u00ed n\u011b\u010deho, co zde u\u017e bylo.<\/p>\n<p>Na va\u0161e p\u0159\u00edpadn\u00e9 dotazy, v\u00e1m odpov\u00ed p\u0159\u00edpadn\u011b funk\u010dn\u00ed za\u0159\u00edzen\u00ed p\u0159edvede, tv\u016frce muzea, pr\u016fvodce a spr\u00e1vce v jednom pan Joseph Liekis se svou man\u017eelkou Vandou.<\/p>\n<p>Pan\u00ed Vanda p\u0159edvede pr\u00e1ci na za\u0159\u00edzen\u00edch, \u010di uk\u00e1\u017ee a vysv\u011btl\u00ed z\u00e1jemc\u016fm tradi\u010dn\u00ed postupy mnohdy dnes u\u017e zapomenut\u00e9, kup\u0159. p\u0159\u00edprava a pe\u010den\u00ed chleba, uk\u00e1\u017ee \u201emodern\u00ed\u201c vybaven\u00ed sv\u00fdch p\u0159edch\u016fdc\u016f, propoj\u00ed tak minulost s modern\u00ed spole\u010dnosti.<\/p>\n<p>V\u011bd\u011bn\u00ed pramen\u00ed ze zku\u0161enost\u00ed, proto m\u00e1 toto muzeum velk\u00fd v\u00fdznam, nebo\u0165 se zde mohou n\u00e1v\u0161t\u011bvn\u00edci sezn\u00e1mit s na\u0161\u00ed histori\u00ed a sledovat ji nejen a\u017e do na\u0161\u00ed sou\u010dasnosti, ale i budoucnosti.<\/p>\n<p><a href=\"https:\/\/technicalmuseum.lt\/wp-content\/uploads\/2019\/07\/veikla-min.jpg\"><img class=\"alignnone size-medium wp-image-121\" src=\"https:\/\/technicalmuseum.lt\/wp-content\/uploads\/2019\/07\/veikla-min.jpg\" alt=\"veikla-paveikslas\"><\/a><\/p>\n","protected":false},"excerpt":{"rendered":"<p>Muzeum nab\u00edz\u00ed spoustu mo\u017enosti vy\u017eit\u00ed, je zde \u0161irok\u00e1 \u0161k\u00e1la za\u0159\u00edzen\u00ed spojen\u00e1 s rodov\u00fdm \u0159emeslem, tradicemi a zvyky. Expozice p\u0159\u00edjemn\u011b p\u0159ekvap\u00ed svou rozmanitost\u00ed. Domn\u00edv\u00e1me se, \u017ee ka\u017ed\u00fd zde najde n\u011bco co jej zaujme a oslov\u00ed, uveden\u00fd fakt jej pak n\u00e1sledn\u011b stimuluje<span class=\"ellipsis\">&hellip;<\/span><\/p>\n<div class=\"read-more\"><a href=\"https:\/\/technicalmuseum.lt\/cz\/veikla2\/\">Dozv\u011bd\u011bt se v\u00edc &#8250;<\/a><\/div>\n<p><!-- end of .read-more --><\/p>\n","protected":false},"author":1,"featured_media":0,"parent":0,"menu_order":0,"comment_status":"closed","ping_status":"closed","template":"","meta":{"ngg_post_thumbnail":0},"yoast_head":"<!-- This site is optimized with the Yoast SEO plugin v16.4 - https:\/\/yoast.com\/wordpress\/plugins\/seo\/ -->\n<meta name=\"description\" content=\"Muziejuje vykdomi \u012fvairaus pob\u016bd\u017eio \u0161ventiniai renginiai (pvz vestuv\u0117s), supa\u017eindinama su prot\u0117vi\u0173 amatais, tradicijomis, papro\u010diais - Technical Museum.lt\" \/>\n<meta name=\"robots\" content=\"index, follow, max-snippet:-1, max-image-preview:large, max-video-preview:-1\" \/>\n<link rel=\"canonical\" href=\"https:\/\/technicalmuseum.lt\/veikla2\/\" \/>\n<meta property=\"og:locale\" content=\"cs_CZ\" \/>\n<meta property=\"og:type\" content=\"article\" \/>\n<meta property=\"og:title\" content=\"M\u016bs\u0173 muziejuje vykdoma \u012fvairi veikla - TechnicalMuseum.lt\" \/>\n<meta property=\"og:description\" content=\"Muziejuje vykdomi \u012fvairaus pob\u016bd\u017eio \u0161ventiniai renginiai (pvz vestuv\u0117s), supa\u017eindinama su prot\u0117vi\u0173 amatais, tradicijomis, papro\u010diais - Technical Museum.lt\" \/>\n<meta property=\"og:url\" content=\"https:\/\/technicalmuseum.lt\/veikla2\/\" \/>\n<meta property=\"og:site_name\" content=\"Technical museum\" \/>\n<meta property=\"article:modified_time\" content=\"2020-10-13T08:13:56+00:00\" \/>\n<meta property=\"og:image\" content=\"https:\/\/technicalmuseum.lt\/wp-content\/uploads\/2019\/07\/veikla-min.jpg\" \/>\n<meta name=\"twitter:label1\" content=\"Odhadovan\u00e1 doba \u010dten\u00ed\" \/>\n\t<meta name=\"twitter:data1\" content=\"2 minuty\" \/>\n<script type=\"application\/ld+json\" class=\"yoast-schema-graph\">{\"@context\":\"https:\/\/schema.org\",\"@graph\":[{\"@type\":\"Organization\",\"@id\":\"https:\/\/technicalmuseum.lt\/#organization\",\"name\":\"Tradicini\\u0173 amat\\u0173 centras\",\"url\":\"https:\/\/technicalmuseum.lt\/\",\"sameAs\":[],\"logo\":{\"@type\":\"ImageObject\",\"@id\":\"https:\/\/technicalmuseum.lt\/#logo\",\"inLanguage\":\"cs\",\"url\":\"https:\/\/technicalmuseum.lt\/wp-content\/uploads\/2017\/07\/Logotipas.png\",\"contentUrl\":\"https:\/\/technicalmuseum.lt\/wp-content\/uploads\/2017\/07\/Logotipas.png\",\"width\":413,\"height\":172,\"caption\":\"Tradicini\\u0173 amat\\u0173 centras\"},\"image\":{\"@id\":\"https:\/\/technicalmuseum.lt\/#logo\"}},{\"@type\":\"WebSite\",\"@id\":\"https:\/\/technicalmuseum.lt\/#website\",\"url\":\"https:\/\/technicalmuseum.lt\/\",\"name\":\"Technical museum\",\"description\":\"\",\"publisher\":{\"@id\":\"https:\/\/technicalmuseum.lt\/#organization\"},\"potentialAction\":[{\"@type\":\"SearchAction\",\"target\":\"https:\/\/technicalmuseum.lt\/?s={search_term_string}\",\"query-input\":\"required name=search_term_string\"}],\"inLanguage\":\"cs\"},{\"@type\":\"ImageObject\",\"@id\":\"https:\/\/technicalmuseum.lt\/veikla2\/#primaryimage\",\"inLanguage\":\"cs\",\"url\":\"https:\/\/technicalmuseum.lt\/wp-content\/uploads\/2019\/07\/veikla-min.jpg\",\"contentUrl\":\"https:\/\/technicalmuseum.lt\/wp-content\/uploads\/2019\/07\/veikla-min.jpg\",\"width\":1200,\"height\":489},{\"@type\":\"WebPage\",\"@id\":\"https:\/\/technicalmuseum.lt\/veikla2\/#webpage\",\"url\":\"https:\/\/technicalmuseum.lt\/veikla2\/\",\"name\":\"M\\u016bs\\u0173 muziejuje vykdoma \\u012fvairi veikla - TechnicalMuseum.lt\",\"isPartOf\":{\"@id\":\"https:\/\/technicalmuseum.lt\/#website\"},\"primaryImageOfPage\":{\"@id\":\"https:\/\/technicalmuseum.lt\/veikla2\/#primaryimage\"},\"datePublished\":\"2014-03-17T07:35:31+00:00\",\"dateModified\":\"2020-10-13T08:13:56+00:00\",\"description\":\"Muziejuje vykdomi \\u012fvairaus pob\\u016bd\\u017eio \\u0161ventiniai renginiai (pvz vestuv\\u0117s), supa\\u017eindinama su prot\\u0117vi\\u0173 amatais, tradicijomis, papro\\u010diais - Technical Museum.lt\",\"breadcrumb\":{\"@id\":\"https:\/\/technicalmuseum.lt\/veikla2\/#breadcrumb\"},\"inLanguage\":\"cs\",\"potentialAction\":[{\"@type\":\"ReadAction\",\"target\":[\"https:\/\/technicalmuseum.lt\/veikla2\/\"]}]},{\"@type\":\"BreadcrumbList\",\"@id\":\"https:\/\/technicalmuseum.lt\/veikla2\/#breadcrumb\",\"itemListElement\":[{\"@type\":\"ListItem\",\"position\":1,\"item\":{\"@type\":\"WebPage\",\"@id\":\"https:\/\/technicalmuseum.lt\/\",\"url\":\"https:\/\/technicalmuseum.lt\/\",\"name\":\"Home\"}},{\"@type\":\"ListItem\",\"position\":2,\"item\":{\"@id\":\"https:\/\/technicalmuseum.lt\/veikla2\/#webpage\"}}]}]}<\/script>\n<!-- \/ Yoast SEO plugin. -->","_links":{"self":[{"href":"https:\/\/technicalmuseum.lt\/cz\/wp-json\/wp\/v2\/pages\/115"}],"collection":[{"href":"https:\/\/technicalmuseum.lt\/cz\/wp-json\/wp\/v2\/pages"}],"about":[{"href":"https:\/\/technicalmuseum.lt\/cz\/wp-json\/wp\/v2\/types\/page"}],"author":[{"embeddable":true,"href":"https:\/\/technicalmuseum.lt\/cz\/wp-json\/wp\/v2\/users\/1"}],"replies":[{"embeddable":true,"href":"https:\/\/technicalmuseum.lt\/cz\/wp-json\/wp\/v2\/comments?post=115"}],"version-history":[{"count":16,"href":"https:\/\/technicalmuseum.lt\/cz\/wp-json\/wp\/v2\/pages\/115\/revisions"}],"predecessor-version":[{"id":1081,"href":"https:\/\/technicalmuseum.lt\/cz\/wp-json\/wp\/v2\/pages\/115\/revisions\/1081"}],"wp:attachment":[{"href":"https:\/\/technicalmuseum.lt\/cz\/wp-json\/wp\/v2\/media?parent=115"}],"curies":[{"name":"wp","href":"https:\/\/api.w.org\/{rel}","templated":true}]}}