{"id":481,"date":"2017-01-18T14:57:45","date_gmt":"2017-01-18T14:57:45","guid":{"rendered":"http:\/\/technicalmuseum.lt\/?page_id=481"},"modified":"2021-06-03T10:19:05","modified_gmt":"2021-06-03T10:19:05","slug":"taisykles","status":"publish","type":"page","link":"https:\/\/technicalmuseum.lt\/cz\/taisykles\/","title":{"rendered":"D\u016fle\u017eit\u00e9"},"content":{"rendered":"<p><\/p>\n<p><\/p>\n<h2>Obsah tohoto webu:<\/h2>\n<p>Textovou, vizu\u00e1ln\u00ed grafiku a v\u0161echny dal\u0161\u00ed informace vlastn\u00ed Juozapas Liekis. Je zak\u00e1z\u00e1no reprodukovat, distribuovat nebo p\u0159en\u00e1\u0161et jakoukoli formou nebo jak\u00fdmkoli zp\u016fsobem jakoukoli \u010d\u00e1st t\u00e9to webov\u00e9 str\u00e1nky bez p\u0159edchoz\u00edho p\u00edsemn\u00e9ho souhlasu vlastn\u00edka.<\/p>\n<p id=\"tw-target-text\" class=\"tw-data-text tw-text-large XcVN5d tw-ta\" dir=\"ltr\" data-placeholder=\"Vertimas\"><\/p>\n\n\n<div class=\"wp-block-group\"><div class=\"wp-block-group__inner-container\"><\/div><\/div>\n","protected":false},"excerpt":{"rendered":"<p>Obsah tohoto webu: Textovou, vizu\u00e1ln\u00ed grafiku a v\u0161echny dal\u0161\u00ed informace vlastn\u00ed Juozapas Liekis. Je zak\u00e1z\u00e1no reprodukovat, distribuovat nebo p\u0159en\u00e1\u0161et jakoukoli formou nebo jak\u00fdmkoli zp\u016fsobem jakoukoli \u010d\u00e1st t\u00e9to webov\u00e9 str\u00e1nky bez p\u0159edchoz\u00edho p\u00edsemn\u00e9ho souhlasu vlastn\u00edka.<\/p>\n","protected":false},"author":1,"featured_media":0,"parent":0,"menu_order":0,"comment_status":"closed","ping_status":"closed","template":"","meta":{"ngg_post_thumbnail":0},"yoast_head":"<!-- This site is optimized with the Yoast SEO plugin v16.4 - https:\/\/yoast.com\/wordpress\/plugins\/seo\/ -->\n<meta name=\"description\" content=\"\u0160io interneto tinklapio t\u016brinis informacija yra Juozapo Liekio nuosavyb\u0117. Bet koki\u0105 interneto tinklapyje esan\u010di\u0105 informacij\u0105 kopijuoti be i\u0161ankstinio ra\u0161ytinio savininko sutikimo -draud\u017eiama.\" \/>\n<meta name=\"robots\" content=\"index, follow, max-snippet:-1, max-image-preview:large, max-video-preview:-1\" \/>\n<link rel=\"canonical\" href=\"https:\/\/technicalmuseum.lt\/taisykles\/\" \/>\n<meta property=\"og:locale\" content=\"cs_CZ\" \/>\n<meta property=\"og:type\" content=\"article\" \/>\n<meta property=\"og:title\" content=\"Intelektin\u0117 nuosavyb\u0117 &#8902; Technical museum\" \/>\n<meta property=\"og:description\" content=\"\u0160io interneto tinklapio t\u016brinis informacija yra Juozapo Liekio nuosavyb\u0117. Bet koki\u0105 interneto tinklapyje esan\u010di\u0105 informacij\u0105 kopijuoti be i\u0161ankstinio ra\u0161ytinio savininko sutikimo -draud\u017eiama.\" \/>\n<meta property=\"og:url\" content=\"https:\/\/technicalmuseum.lt\/taisykles\/\" \/>\n<meta property=\"og:site_name\" content=\"Technical museum\" \/>\n<meta property=\"article:modified_time\" content=\"2021-06-03T10:19:05+00:00\" \/>\n<meta name=\"twitter:label1\" content=\"Odhadovan\u00e1 doba \u010dten\u00ed\" \/>\n\t<meta name=\"twitter:data1\" content=\"1 minuta\" \/>\n<script type=\"application\/ld+json\" class=\"yoast-schema-graph\">{\"@context\":\"https:\/\/schema.org\",\"@graph\":[{\"@type\":\"Organization\",\"@id\":\"https:\/\/technicalmuseum.lt\/#organization\",\"name\":\"Tradicini\\u0173 amat\\u0173 centras\",\"url\":\"https:\/\/technicalmuseum.lt\/\",\"sameAs\":[],\"logo\":{\"@type\":\"ImageObject\",\"@id\":\"https:\/\/technicalmuseum.lt\/#logo\",\"inLanguage\":\"cs\",\"url\":\"https:\/\/technicalmuseum.lt\/wp-content\/uploads\/2017\/07\/Logotipas.png\",\"contentUrl\":\"https:\/\/technicalmuseum.lt\/wp-content\/uploads\/2017\/07\/Logotipas.png\",\"width\":413,\"height\":172,\"caption\":\"Tradicini\\u0173 amat\\u0173 centras\"},\"image\":{\"@id\":\"https:\/\/technicalmuseum.lt\/#logo\"}},{\"@type\":\"WebSite\",\"@id\":\"https:\/\/technicalmuseum.lt\/#website\",\"url\":\"https:\/\/technicalmuseum.lt\/\",\"name\":\"Technical museum\",\"description\":\"\",\"publisher\":{\"@id\":\"https:\/\/technicalmuseum.lt\/#organization\"},\"potentialAction\":[{\"@type\":\"SearchAction\",\"target\":\"https:\/\/technicalmuseum.lt\/?s={search_term_string}\",\"query-input\":\"required name=search_term_string\"}],\"inLanguage\":\"cs\"},{\"@type\":\"WebPage\",\"@id\":\"https:\/\/technicalmuseum.lt\/taisykles\/#webpage\",\"url\":\"https:\/\/technicalmuseum.lt\/taisykles\/\",\"name\":\"Intelektin\\u0117 nuosavyb\\u0117 &#8902; Technical museum\",\"isPartOf\":{\"@id\":\"https:\/\/technicalmuseum.lt\/#website\"},\"datePublished\":\"2017-01-18T14:57:45+00:00\",\"dateModified\":\"2021-06-03T10:19:05+00:00\",\"description\":\"\\u0160io interneto tinklapio t\\u016brinis informacija yra Juozapo Liekio nuosavyb\\u0117. Bet koki\\u0105 interneto tinklapyje esan\\u010di\\u0105 informacij\\u0105 kopijuoti be i\\u0161ankstinio ra\\u0161ytinio savininko sutikimo -draud\\u017eiama.\",\"breadcrumb\":{\"@id\":\"https:\/\/technicalmuseum.lt\/taisykles\/#breadcrumb\"},\"inLanguage\":\"cs\",\"potentialAction\":[{\"@type\":\"ReadAction\",\"target\":[\"https:\/\/technicalmuseum.lt\/taisykles\/\"]}]},{\"@type\":\"BreadcrumbList\",\"@id\":\"https:\/\/technicalmuseum.lt\/taisykles\/#breadcrumb\",\"itemListElement\":[{\"@type\":\"ListItem\",\"position\":1,\"item\":{\"@type\":\"WebPage\",\"@id\":\"https:\/\/technicalmuseum.lt\/\",\"url\":\"https:\/\/technicalmuseum.lt\/\",\"name\":\"Home\"}},{\"@type\":\"ListItem\",\"position\":2,\"item\":{\"@id\":\"https:\/\/technicalmuseum.lt\/taisykles\/#webpage\"}}]}]}<\/script>\n<!-- \/ Yoast SEO plugin. -->","_links":{"self":[{"href":"https:\/\/technicalmuseum.lt\/cz\/wp-json\/wp\/v2\/pages\/481"}],"collection":[{"href":"https:\/\/technicalmuseum.lt\/cz\/wp-json\/wp\/v2\/pages"}],"about":[{"href":"https:\/\/technicalmuseum.lt\/cz\/wp-json\/wp\/v2\/types\/page"}],"author":[{"embeddable":true,"href":"https:\/\/technicalmuseum.lt\/cz\/wp-json\/wp\/v2\/users\/1"}],"replies":[{"embeddable":true,"href":"https:\/\/technicalmuseum.lt\/cz\/wp-json\/wp\/v2\/comments?post=481"}],"version-history":[{"count":56,"href":"https:\/\/technicalmuseum.lt\/cz\/wp-json\/wp\/v2\/pages\/481\/revisions"}],"predecessor-version":[{"id":1157,"href":"https:\/\/technicalmuseum.lt\/cz\/wp-json\/wp\/v2\/pages\/481\/revisions\/1157"}],"wp:attachment":[{"href":"https:\/\/technicalmuseum.lt\/cz\/wp-json\/wp\/v2\/media?parent=481"}],"curies":[{"name":"wp","href":"https:\/\/api.w.org\/{rel}","templated":true}]}}