{"id":115,"date":"2014-03-17T07:35:31","date_gmt":"2014-03-17T07:35:31","guid":{"rendered":"http:\/\/technicalmuseum.lt\/?page_id=115"},"modified":"2020-10-13T08:13:56","modified_gmt":"2020-10-13T08:13:56","slug":"veikla2","status":"publish","type":"page","link":"https:\/\/technicalmuseum.lt\/en\/veikla2\/","title":{"rendered":"Activity"},"content":{"rendered":"<h3>Museum of cultural educational activity.<\/h3>\n<p>The museum carries out educational projects, prepares various festivities, teaches ancestral crafts, traditions, photoshoots and customs.<\/p>\n<p>The exposition will pleasantly surprise and stimulate the curiosity for many. Experienced designer and museum administrator Juozapas Liekis and his wife Vanda will answer any questions. They have aligned their passion with their work, and now share their ideas through fostering traditions, displaying the precursors of modern technologies by juxtaposing the past with modern society. It reveals the significance of history for our present and future.<\/p>\n<p><a href=\"https:\/\/technicalmuseum.lt\/wp-content\/uploads\/2019\/07\/veikla-min.jpg\"><img class=\"alignnone size-medium wp-image-121\" src=\"https:\/\/technicalmuseum.lt\/wp-content\/uploads\/2019\/07\/veikla-min.jpg\" alt=\"veikla-paveikslas\"><\/a><\/p>\n","protected":false},"excerpt":{"rendered":"<p>Museum of cultural educational activity. The museum carries out educational projects, prepares various festivities, teaches ancestral crafts, traditions, photoshoots and customs. The exposition will pleasantly surprise and stimulate the curiosity for many. Experienced designer and museum administrator Juozapas Liekis and<span class=\"ellipsis\">&hellip;<\/span><\/p>\n<div class=\"read-more\"><a href=\"https:\/\/technicalmuseum.lt\/en\/veikla2\/\">Read more &#8250;<\/a><\/div>\n<p><!-- end of .read-more --><\/p>\n","protected":false},"author":1,"featured_media":0,"parent":0,"menu_order":0,"comment_status":"closed","ping_status":"closed","template":"","meta":{"ngg_post_thumbnail":0},"yoast_head":"<!-- This site is optimized with the Yoast SEO plugin v16.4 - https:\/\/yoast.com\/wordpress\/plugins\/seo\/ -->\n<meta name=\"description\" content=\"Muziejuje vykdomi \u012fvairaus pob\u016bd\u017eio \u0161ventiniai renginiai (pvz vestuv\u0117s), supa\u017eindinama su prot\u0117vi\u0173 amatais, tradicijomis, papro\u010diais - Technical Museum.lt\" \/>\n<meta name=\"robots\" content=\"index, follow, max-snippet:-1, max-image-preview:large, max-video-preview:-1\" \/>\n<link rel=\"canonical\" href=\"https:\/\/technicalmuseum.lt\/veikla2\/\" \/>\n<meta property=\"og:locale\" content=\"en_US\" \/>\n<meta property=\"og:type\" content=\"article\" \/>\n<meta property=\"og:title\" content=\"M\u016bs\u0173 muziejuje vykdoma \u012fvairi veikla - TechnicalMuseum.lt\" \/>\n<meta property=\"og:description\" content=\"Muziejuje vykdomi \u012fvairaus pob\u016bd\u017eio \u0161ventiniai renginiai (pvz vestuv\u0117s), supa\u017eindinama su prot\u0117vi\u0173 amatais, tradicijomis, papro\u010diais - Technical Museum.lt\" \/>\n<meta property=\"og:url\" content=\"https:\/\/technicalmuseum.lt\/veikla2\/\" \/>\n<meta property=\"og:site_name\" content=\"Technical museum\" \/>\n<meta property=\"article:modified_time\" content=\"2020-10-13T08:13:56+00:00\" \/>\n<meta property=\"og:image\" content=\"https:\/\/technicalmuseum.lt\/wp-content\/uploads\/2019\/07\/veikla-min.jpg\" \/>\n<meta name=\"twitter:label1\" content=\"Est. reading time\" \/>\n\t<meta name=\"twitter:data1\" content=\"2 minutes\" \/>\n<script type=\"application\/ld+json\" class=\"yoast-schema-graph\">{\"@context\":\"https:\/\/schema.org\",\"@graph\":[{\"@type\":\"Organization\",\"@id\":\"https:\/\/technicalmuseum.lt\/#organization\",\"name\":\"Tradicini\\u0173 amat\\u0173 centras\",\"url\":\"https:\/\/technicalmuseum.lt\/\",\"sameAs\":[],\"logo\":{\"@type\":\"ImageObject\",\"@id\":\"https:\/\/technicalmuseum.lt\/#logo\",\"inLanguage\":\"en-US\",\"url\":\"https:\/\/technicalmuseum.lt\/wp-content\/uploads\/2017\/07\/Logotipas.png\",\"contentUrl\":\"https:\/\/technicalmuseum.lt\/wp-content\/uploads\/2017\/07\/Logotipas.png\",\"width\":413,\"height\":172,\"caption\":\"Tradicini\\u0173 amat\\u0173 centras\"},\"image\":{\"@id\":\"https:\/\/technicalmuseum.lt\/#logo\"}},{\"@type\":\"WebSite\",\"@id\":\"https:\/\/technicalmuseum.lt\/#website\",\"url\":\"https:\/\/technicalmuseum.lt\/\",\"name\":\"Technical museum\",\"description\":\"\",\"publisher\":{\"@id\":\"https:\/\/technicalmuseum.lt\/#organization\"},\"potentialAction\":[{\"@type\":\"SearchAction\",\"target\":\"https:\/\/technicalmuseum.lt\/?s={search_term_string}\",\"query-input\":\"required name=search_term_string\"}],\"inLanguage\":\"en-US\"},{\"@type\":\"ImageObject\",\"@id\":\"https:\/\/technicalmuseum.lt\/veikla2\/#primaryimage\",\"inLanguage\":\"en-US\",\"url\":\"https:\/\/technicalmuseum.lt\/wp-content\/uploads\/2019\/07\/veikla-min.jpg\",\"contentUrl\":\"https:\/\/technicalmuseum.lt\/wp-content\/uploads\/2019\/07\/veikla-min.jpg\",\"width\":1200,\"height\":489},{\"@type\":\"WebPage\",\"@id\":\"https:\/\/technicalmuseum.lt\/veikla2\/#webpage\",\"url\":\"https:\/\/technicalmuseum.lt\/veikla2\/\",\"name\":\"M\\u016bs\\u0173 muziejuje vykdoma \\u012fvairi veikla - TechnicalMuseum.lt\",\"isPartOf\":{\"@id\":\"https:\/\/technicalmuseum.lt\/#website\"},\"primaryImageOfPage\":{\"@id\":\"https:\/\/technicalmuseum.lt\/veikla2\/#primaryimage\"},\"datePublished\":\"2014-03-17T07:35:31+00:00\",\"dateModified\":\"2020-10-13T08:13:56+00:00\",\"description\":\"Muziejuje vykdomi \\u012fvairaus pob\\u016bd\\u017eio \\u0161ventiniai renginiai (pvz vestuv\\u0117s), supa\\u017eindinama su prot\\u0117vi\\u0173 amatais, tradicijomis, papro\\u010diais - Technical Museum.lt\",\"breadcrumb\":{\"@id\":\"https:\/\/technicalmuseum.lt\/veikla2\/#breadcrumb\"},\"inLanguage\":\"en-US\",\"potentialAction\":[{\"@type\":\"ReadAction\",\"target\":[\"https:\/\/technicalmuseum.lt\/veikla2\/\"]}]},{\"@type\":\"BreadcrumbList\",\"@id\":\"https:\/\/technicalmuseum.lt\/veikla2\/#breadcrumb\",\"itemListElement\":[{\"@type\":\"ListItem\",\"position\":1,\"item\":{\"@type\":\"WebPage\",\"@id\":\"https:\/\/technicalmuseum.lt\/\",\"url\":\"https:\/\/technicalmuseum.lt\/\",\"name\":\"Home\"}},{\"@type\":\"ListItem\",\"position\":2,\"item\":{\"@id\":\"https:\/\/technicalmuseum.lt\/veikla2\/#webpage\"}}]}]}<\/script>\n<!-- \/ Yoast SEO plugin. -->","_links":{"self":[{"href":"https:\/\/technicalmuseum.lt\/en\/wp-json\/wp\/v2\/pages\/115"}],"collection":[{"href":"https:\/\/technicalmuseum.lt\/en\/wp-json\/wp\/v2\/pages"}],"about":[{"href":"https:\/\/technicalmuseum.lt\/en\/wp-json\/wp\/v2\/types\/page"}],"author":[{"embeddable":true,"href":"https:\/\/technicalmuseum.lt\/en\/wp-json\/wp\/v2\/users\/1"}],"replies":[{"embeddable":true,"href":"https:\/\/technicalmuseum.lt\/en\/wp-json\/wp\/v2\/comments?post=115"}],"version-history":[{"count":16,"href":"https:\/\/technicalmuseum.lt\/en\/wp-json\/wp\/v2\/pages\/115\/revisions"}],"predecessor-version":[{"id":1081,"href":"https:\/\/technicalmuseum.lt\/en\/wp-json\/wp\/v2\/pages\/115\/revisions\/1081"}],"wp:attachment":[{"href":"https:\/\/technicalmuseum.lt\/en\/wp-json\/wp\/v2\/media?parent=115"}],"curies":[{"name":"wp","href":"https:\/\/api.w.org\/{rel}","templated":true}]}}