{"id":117,"date":"2014-03-17T07:44:01","date_gmt":"2014-03-17T07:44:01","guid":{"rendered":"http:\/\/technicalmuseum.lt\/?page_id=117"},"modified":"2020-10-13T07:43:45","modified_gmt":"2020-10-13T07:43:45","slug":"muziejaus-administratorius","status":"publish","type":"page","link":"https:\/\/technicalmuseum.lt\/en\/muziejaus-administratorius\/","title":{"rendered":"Administrator of museum"},"content":{"rendered":"<div class=\"image-right\"><a href=\"http:\/\/technicalmuseum.lt\/wp-content\/uploads\/2014\/03\/Nr6.png\"><img class=\"alignnone size-medium wp-image-118\" src=\"http:\/\/technicalmuseum.lt\/wp-content\/uploads\/2014\/03\/Nr6-300x215.png\" alt=\"Nr6\" height=\"215\" srcset=\"https:\/\/technicalmuseum.lt\/wp-content\/uploads\/2014\/03\/Nr6-300x215.png 300w, https:\/\/technicalmuseum.lt\/wp-content\/uploads\/2014\/03\/Nr6-1024x737.png 1024w, https:\/\/technicalmuseum.lt\/wp-content\/uploads\/2014\/03\/Nr6.png 1410w\" sizes=\"(max-width: 300px) 100vw, 300px\" \/><\/a><\/div>\n<p>People use small wings to rest and refresh. The joy and the sensation that the flight gives is indescribable and best of all \u2013 you get the opportunity to enjoy the scenery every time. Of course, each country uses ultra-light flying machines according to its specific domestic needs. For example, in Mexico and the Caribbean countries, small aviation provides services for tourists who want to look around from above, take photos or visit the exotics islands. In Indonesia it is used as a taxi and personal transport. In Canada, fishermen explore the fish stocks. In Africa, specialists count fauna from small planes. The benefits of ultralight aircraft have already been appreciated by geophysicists, liaison officers, police officers, rescuers, tele operators, foresters, oil workers and people of other professions. In many countries, small planes and powered airplanes are widely used for agricultural work. This is especially true of the USA, Italy, France, and Austria.<\/p>\n<div class=\"image-left\"><a href=\"http:\/\/technicalmuseum.lt\/wp-content\/uploads\/2014\/03\/Nr9.png\"><img class=\"alignnone size-medium wp-image-119\" src=\"http:\/\/technicalmuseum.lt\/wp-content\/uploads\/2014\/03\/Nr9-300x196.png\" alt=\"Nr9\" height=\"180\" srcset=\"https:\/\/technicalmuseum.lt\/wp-content\/uploads\/2014\/03\/Nr9-300x196.png 300w, https:\/\/technicalmuseum.lt\/wp-content\/uploads\/2014\/03\/Nr9-1024x671.png 1024w, https:\/\/technicalmuseum.lt\/wp-content\/uploads\/2014\/03\/Nr9.png 1183w\" sizes=\"(max-width: 300px) 100vw, 300px\" \/><\/a><\/div>\n<div class=\"text-vert-alg\"><strong>Juozapas &#8211; Romas Liekis<\/strong> is one of the pioneers of flying sports in Lithuania. In his sports career, he has won many medals of different colours and diplomas of all degrees. He has taken part not only in Lithuanian, but also in international championships. He was the participant of the first and second USSR aircraft championships.  As well as that, he is also the winner of USSR light aviation creative competitions in the class of motor gliders.<\/div>\n<div style=\"text-align: center;\">\n<div class=\"aligncentermult-parent\">\n<div class=\"aligncentermult\"><a href=\"http:\/\/technicalmuseum.lt\/wp-content\/uploads\/2014\/03\/Nr8.png\"><img class=\"alignnone size-medium wp-image-121\" src=\"http:\/\/technicalmuseum.lt\/wp- \n   content\/uploads\/2014\/03\/Nr8-300x188.png\" alt=\"Nr8\" height=\"215\" srcset=\"https:\/\/technicalmuseum.lt\/wp-content\/uploads\/2014\/03\/Nr8-300x188.png 300w, https:\/\/technicalmuseum.lt\/wp-content\/uploads\/2014\/03\/Nr8-1024x642.png 1024w, https:\/\/technicalmuseum.lt\/wp-content\/uploads\/2014\/03\/Nr8.png 1349w\" sizes=\"(max-width: 300px) 100vw, 300px\" \/><\/a><\/div>\n<div class=\"aligncentermult\"><a href=\"http:\/\/technicalmuseum.lt\/wp-content\/uploads\/2014\/03\/Nr3.png\"><img class=\"alignnone size-medium wp-image-122\" src=\"http:\/\/technicalmuseum.lt\/wp- \n   content\/uploads\/2014\/03\/Nr3-300x219.png\" alt=\"Nr3\" height=\"215\" srcset=\"https:\/\/technicalmuseum.lt\/wp-content\/uploads\/2014\/03\/Nr3-300x219.png 300w, https:\/\/technicalmuseum.lt\/wp-content\/uploads\/2014\/03\/Nr3-1024x750.png 1024w, https:\/\/technicalmuseum.lt\/wp-content\/uploads\/2014\/03\/Nr3.png 1743w\" sizes=\"(max-width: 300px) 100vw, 300px\" \/><\/a><\/div>\n<div class=\"aligncentermult\"><a href=\"http:\/\/technicalmuseum.lt\/wp-content\/uploads\/2014\/03\/romas3.jpg\"><img class=\"alignnone wp-image-820\" src=\"http:\/\/technicalmuseum.lt\/wp- \n   content\/uploads\/2014\/03\/romas3-197x300.jpg\" alt=\"\" height=\"215\" srcset=\"https:\/\/technicalmuseum.lt\/wp-content\/uploads\/2014\/03\/romas3-197x300.jpg 197w, https:\/\/technicalmuseum.lt\/wp-content\/uploads\/2014\/03\/romas3.jpg 650w\" sizes=\"(max-width: 197px) 100vw, 197px\" \/><\/a><\/div>\n<div class=\"aligncentermult\"><a href=\"http:\/\/technicalmuseum.lt\/wp-content\/uploads\/2014\/03\/Nr9b.png\"><img class=\"alignnone size-medium wp-image-123\" src=\"http:\/\/technicalmuseum.lt\/wp- \n   content\/uploads\/2014\/03\/Nr9b-300x197.png\" alt=\"Nr9b\" height=\"215\" srcset=\"https:\/\/technicalmuseum.lt\/wp-content\/uploads\/2014\/03\/Nr9b-300x197.png 300w, https:\/\/technicalmuseum.lt\/wp-content\/uploads\/2014\/03\/Nr9b-1024x673.png 1024w, https:\/\/technicalmuseum.lt\/wp-content\/uploads\/2014\/03\/Nr9b.png 1180w\" sizes=\"(max-width: 300px) 100vw, 300px\" \/><\/a><\/div>\n<div class=\"aligncentermult\"><a href=\"http:\/\/technicalmuseum.lt\/wp-content\/uploads\/2014\/03\/Nr5.png\"><img class=\"alignnone size-medium wp-image-124\" src=\"http:\/\/technicalmuseum.lt\/wp- \n   content\/uploads\/2014\/03\/Nr5-300x216.png\" alt=\"Nr5\" height=\"215\" srcset=\"https:\/\/technicalmuseum.lt\/wp-content\/uploads\/2014\/03\/Nr5-300x216.png 300w, https:\/\/technicalmuseum.lt\/wp-content\/uploads\/2014\/03\/Nr5.png 800w\" sizes=\"(max-width: 300px) 100vw, 300px\" \/><\/a><\/div>\n<div class=\"aligncentermult\"><a href=\"http:\/\/technicalmuseum.lt\/wp-content\/uploads\/2014\/03\/romas2.jpg\"><img class=\"alignnone size-medium wp-image-818\" src=\"http:\/\/technicalmuseum.lt\/wp-content\/uploads\/2014\/03\/romas2-197x300.jpg\" alt=\"\" height=\"215\" srcset=\"https:\/\/technicalmuseum.lt\/wp-content\/uploads\/2014\/03\/romas2-197x300.jpg 197w, https:\/\/technicalmuseum.lt\/wp-content\/uploads\/2014\/03\/romas2.jpg 650w\" sizes=\"(max-width: 197px) 100vw, 197px\" \/><\/a><\/div>\n<\/div>\n<\/div>\n","protected":false},"excerpt":{"rendered":"<p>People use small wings to rest and refresh. The joy and the sensation that the flight gives is indescribable and best of all \u2013 you get the opportunity to enjoy the scenery every time. Of course, each country uses ultra-light<span class=\"ellipsis\">&hellip;<\/span><\/p>\n<div class=\"read-more\"><a href=\"https:\/\/technicalmuseum.lt\/en\/muziejaus-administratorius\/\">Read more &#8250;<\/a><\/div>\n<p><!-- end of .read-more --><\/p>\n","protected":false},"author":1,"featured_media":0,"parent":0,"menu_order":0,"comment_status":"closed","ping_status":"closed","template":"","meta":{"ngg_post_thumbnail":0},"yoast_head":"<!-- This site is optimized with the Yoast SEO plugin v16.4 - https:\/\/yoast.com\/wordpress\/plugins\/seo\/ -->\n<meta name=\"description\" content=\"Juozapas - Romas Liekis vienas i\u0161 pradinink\u0173 skraidykli\u0173 sporto Lietuvoje. Savo karjeroje yra laim\u0117j\u0119s daug vis\u0173 spalv\u0173 medali\u0173. - Technical Museum.lt\" \/>\n<meta name=\"robots\" content=\"index, follow, max-snippet:-1, max-image-preview:large, max-video-preview:-1\" \/>\n<link rel=\"canonical\" href=\"https:\/\/technicalmuseum.lt\/muziejaus-administratorius\/\" \/>\n<meta property=\"og:locale\" content=\"en_US\" \/>\n<meta property=\"og:type\" content=\"article\" \/>\n<meta property=\"og:title\" content=\"Muziejaus administratorius - Technical Museum.lt\" \/>\n<meta property=\"og:description\" content=\"Juozapas - Romas Liekis vienas i\u0161 pradinink\u0173 skraidykli\u0173 sporto Lietuvoje. Savo karjeroje yra laim\u0117j\u0119s daug vis\u0173 spalv\u0173 medali\u0173. - Technical Museum.lt\" \/>\n<meta property=\"og:url\" content=\"https:\/\/technicalmuseum.lt\/muziejaus-administratorius\/\" \/>\n<meta property=\"og:site_name\" content=\"Technical museum\" \/>\n<meta property=\"article:modified_time\" content=\"2020-10-13T07:43:45+00:00\" \/>\n<meta property=\"og:image\" content=\"http:\/\/technicalmuseum.lt\/wp-content\/uploads\/2014\/03\/Nr6-300x215.png\" \/>\n<meta name=\"twitter:label1\" content=\"Est. reading time\" \/>\n\t<meta name=\"twitter:data1\" content=\"3 minutes\" \/>\n<script type=\"application\/ld+json\" class=\"yoast-schema-graph\">{\"@context\":\"https:\/\/schema.org\",\"@graph\":[{\"@type\":\"Organization\",\"@id\":\"https:\/\/technicalmuseum.lt\/#organization\",\"name\":\"Tradicini\\u0173 amat\\u0173 centras\",\"url\":\"https:\/\/technicalmuseum.lt\/\",\"sameAs\":[],\"logo\":{\"@type\":\"ImageObject\",\"@id\":\"https:\/\/technicalmuseum.lt\/#logo\",\"inLanguage\":\"en-US\",\"url\":\"https:\/\/technicalmuseum.lt\/wp-content\/uploads\/2017\/07\/Logotipas.png\",\"contentUrl\":\"https:\/\/technicalmuseum.lt\/wp-content\/uploads\/2017\/07\/Logotipas.png\",\"width\":413,\"height\":172,\"caption\":\"Tradicini\\u0173 amat\\u0173 centras\"},\"image\":{\"@id\":\"https:\/\/technicalmuseum.lt\/#logo\"}},{\"@type\":\"WebSite\",\"@id\":\"https:\/\/technicalmuseum.lt\/#website\",\"url\":\"https:\/\/technicalmuseum.lt\/\",\"name\":\"Technical museum\",\"description\":\"\",\"publisher\":{\"@id\":\"https:\/\/technicalmuseum.lt\/#organization\"},\"potentialAction\":[{\"@type\":\"SearchAction\",\"target\":\"https:\/\/technicalmuseum.lt\/?s={search_term_string}\",\"query-input\":\"required name=search_term_string\"}],\"inLanguage\":\"en-US\"},{\"@type\":\"ImageObject\",\"@id\":\"https:\/\/technicalmuseum.lt\/muziejaus-administratorius\/#primaryimage\",\"inLanguage\":\"en-US\",\"url\":\"http:\/\/technicalmuseum.lt\/wp-content\/uploads\/2014\/03\/Nr6-300x215.png\",\"contentUrl\":\"http:\/\/technicalmuseum.lt\/wp-content\/uploads\/2014\/03\/Nr6-300x215.png\"},{\"@type\":\"WebPage\",\"@id\":\"https:\/\/technicalmuseum.lt\/muziejaus-administratorius\/#webpage\",\"url\":\"https:\/\/technicalmuseum.lt\/muziejaus-administratorius\/\",\"name\":\"Muziejaus administratorius - Technical Museum.lt\",\"isPartOf\":{\"@id\":\"https:\/\/technicalmuseum.lt\/#website\"},\"primaryImageOfPage\":{\"@id\":\"https:\/\/technicalmuseum.lt\/muziejaus-administratorius\/#primaryimage\"},\"datePublished\":\"2014-03-17T07:44:01+00:00\",\"dateModified\":\"2020-10-13T07:43:45+00:00\",\"description\":\"Juozapas - Romas Liekis vienas i\\u0161 pradinink\\u0173 skraidykli\\u0173 sporto Lietuvoje. Savo karjeroje yra laim\\u0117j\\u0119s daug vis\\u0173 spalv\\u0173 medali\\u0173. - Technical Museum.lt\",\"breadcrumb\":{\"@id\":\"https:\/\/technicalmuseum.lt\/muziejaus-administratorius\/#breadcrumb\"},\"inLanguage\":\"en-US\",\"potentialAction\":[{\"@type\":\"ReadAction\",\"target\":[\"https:\/\/technicalmuseum.lt\/muziejaus-administratorius\/\"]}]},{\"@type\":\"BreadcrumbList\",\"@id\":\"https:\/\/technicalmuseum.lt\/muziejaus-administratorius\/#breadcrumb\",\"itemListElement\":[{\"@type\":\"ListItem\",\"position\":1,\"item\":{\"@type\":\"WebPage\",\"@id\":\"https:\/\/technicalmuseum.lt\/\",\"url\":\"https:\/\/technicalmuseum.lt\/\",\"name\":\"Home\"}},{\"@type\":\"ListItem\",\"position\":2,\"item\":{\"@id\":\"https:\/\/technicalmuseum.lt\/muziejaus-administratorius\/#webpage\"}}]}]}<\/script>\n<!-- \/ Yoast SEO plugin. -->","_links":{"self":[{"href":"https:\/\/technicalmuseum.lt\/en\/wp-json\/wp\/v2\/pages\/117"}],"collection":[{"href":"https:\/\/technicalmuseum.lt\/en\/wp-json\/wp\/v2\/pages"}],"about":[{"href":"https:\/\/technicalmuseum.lt\/en\/wp-json\/wp\/v2\/types\/page"}],"author":[{"embeddable":true,"href":"https:\/\/technicalmuseum.lt\/en\/wp-json\/wp\/v2\/users\/1"}],"replies":[{"embeddable":true,"href":"https:\/\/technicalmuseum.lt\/en\/wp-json\/wp\/v2\/comments?post=117"}],"version-history":[{"count":51,"href":"https:\/\/technicalmuseum.lt\/en\/wp-json\/wp\/v2\/pages\/117\/revisions"}],"predecessor-version":[{"id":1073,"href":"https:\/\/technicalmuseum.lt\/en\/wp-json\/wp\/v2\/pages\/117\/revisions\/1073"}],"wp:attachment":[{"href":"https:\/\/technicalmuseum.lt\/en\/wp-json\/wp\/v2\/media?parent=117"}],"curies":[{"name":"wp","href":"https:\/\/api.w.org\/{rel}","templated":true}]}}